{"id":99008,"date":"2022-01-21T16:36:57","date_gmt":"2022-01-21T16:36:57","guid":{"rendered":"https:\/\/orion.designpik.net\/?page_id=1812"},"modified":"2025-08-28T10:14:31","modified_gmt":"2025-08-28T10:14:31","slug":"contact","status":"publish","type":"page","link":"https:\/\/ap2.ch\/de\/contact\/","title":{"rendered":"Kontakt"},"content":{"rendered":"<p>[et_pb_section fb_built=\u201d1\u2033 _builder_version=\u201d4.27.4\u2033 _module_preset=\u201ddefault\u201d background_image=\u201dhttps:\/\/ap2.ch\/wp-content\/uploads\/2024\/07\/7335.jpg\u201d custom_padding=\u201d||187px|||\u201d locked=\u201doff\u201d global_colors_info=\u201d{}\u201d][et_pb_row _builder_version=\u201d4.16\u2033 _module_preset=\u201ddefault\u201d global_colors_info=\u201d{}\u201d][et_pb_column type=\u201d4_4\u2033 _builder_version=\u201d4.16\u2033 _module_preset=\u201ddefault\u201d global_colors_info=\u201d{}\u201d][et_pb_text _builder_version=\u201d4.27.4\u2033 _module_preset=\u201ddefault\u201d header_2_text_align=\u201dcenter\u201d text_orientation=\u201dcenter\u201d global_colors_info=\u201d{}\u201d]<\/p>\n<h1><strong>Kontakt<\/strong><\/h1>\n<p>[\/et_pb_text][\/et_pb_column][\/et_pb_row][\/et_pb_section][et_pb_section fb_built=\u201d1\u2033 _builder_version=\u201d4.16\u2033 _module_preset=\u201ddefault\u201d global_colors_info=\u201d{}\u201d][et_pb_row column_structure=\u201d2_3,1_3\u2033 use_custom_gutter=\u201don\u201d make_equal=\u201don\u201d _builder_version=\u201d4.16\u2033 _module_preset=\u201ddefault\u201d width_tablet=\u201d\u201d width_phone=\u201d95%\u201d width_last_edited=\u201don|phone\u201d custom_padding=\u201d62px||62px||true|false\u201d global_colors_info=\u201d{}\u201d][et_pb_column type=\u201d2_3\u2033 _builder_version=\u201d4.16\u2033 _module_preset=\u201ddefault\u201d custom_padding=\u201d|80px|||false|false\u201d custom_padding_tablet=\u201d|80px|||false|false\u201d custom_padding_phone=\u201d|0px|||false|false\u201d custom_padding_last_edited=\u201don|phone\u201d global_colors_info=\u201d{}\u201d][et_pb_text _builder_version=\u201d4.27.4\u2033 _module_preset=\u201ddefault\u201d header_2_text_align_tablet=\u201d\u201d header_2_text_align_phone=\u201dcenter\u201d header_2_text_align_last_edited=\u201don|phone\u201d global_colors_info=\u201d{}\u201d]<\/p>\n<h2>Kontaktieren Sie uns<\/h2>\n<p>[\/et_pb_text][et_pb_text _builder_version=\u201d4.27.4\u2033 _module_preset=\u201ddefault\u201d width=\u201d53%\u201d width_tablet=\u201d53%\u201d width_phone=\u201d100%\u201d width_last_edited=\u201don|phone\u201d text_orientation_tablet=\u201d\u201d text_orientation_phone=\u201dcenter\u201d text_orientation_last_edited=\u201don|phone\u201d module_alignment_tablet=\u201d\u201d module_alignment_phone=\u201dcenter\u201d module_alignment_last_edited=\u201don|phone\u201d global_colors_info=\u201d{}\u201d]<\/p>\n<p>Wir melden uns so schnell wie m\u00f6glich bei Ihnen \u2026 ganz bestimmt.\u00a0<\/p>\n<p>[\/et_pb_text][et_pb_contact_form email=&#8221;info@ap2.ch&#8221; _builder_version=&#8221;4.27.4&#8243; _module_preset=&#8221;default&#8221; _unique_id=&#8221;ab3f7c4d-6dfc-4705-8ed4-c60e5a86a77d&#8221; form_field_background_color=&#8221;#f3f4f8&#8243; form_field_focus_text_color=&#8221;gcid-c280e6cd-08ed-4b36-aba2-3d79e0703b80&#8243; form_field_custom_padding=&#8221;20px||20px||true|false&#8221; form_field_font_size=&#8221;16px&#8221; custom_button=&#8221;on&#8221; button_text_size=&#8221;16px&#8221; button_text_color=&#8221;#FFFFFF&#8221; button_bg_color=&#8221;gcid-aacaefc5-8032-48c0-9904-1cd768407280&#8243; button_use_icon=&#8221;off&#8221; button_custom_margin=&#8221;||||false|false&#8221; button_custom_padding=&#8221;15px|80px|15px|80px|true|true&#8221; custom_margin=&#8221;50px||||false|false&#8221; border_radii=&#8221;on|3px|3px|3px|3px&#8221; global_colors_info=&#8221;{%22gcid-c280e6cd-08ed-4b36-aba2-3d79e0703b80%22:%91%22form_field_focus_text_color%22%93,%22gcid-aacaefc5-8032-48c0-9904-1cd768407280%22:%91%22button_bg_color%22%93}&#8221;][et_pb_contact_field field_id=&#8221;Name&#8221; field_title=&#8221;Name&#8221; _builder_version=&#8221;4.16&#8243; global_colors_info=&#8221;{}&#8221; button_text_size__hover_enabled=&#8221;off&#8221; button_one_text_size__hover_enabled=&#8221;off&#8221; button_two_text_size__hover_enabled=&#8221;off&#8221; button_text_color__hover_enabled=&#8221;off&#8221; button_one_text_color__hover_enabled=&#8221;off&#8221; button_two_text_color__hover_enabled=&#8221;off&#8221; button_border_width__hover_enabled=&#8221;off&#8221; button_one_border_width__hover_enabled=&#8221;off&#8221; button_two_border_width__hover_enabled=&#8221;off&#8221; button_border_color__hover_enabled=&#8221;off&#8221; button_one_border_color__hover_enabled=&#8221;off&#8221; button_two_border_color__hover_enabled=&#8221;off&#8221; button_border_radius__hover_enabled=&#8221;off&#8221; button_one_border_radius__hover_enabled=&#8221;off&#8221; button_two_border_radius__hover_enabled=&#8221;off&#8221; button_letter_spacing__hover_enabled=&#8221;off&#8221; button_one_letter_spacing__hover_enabled=&#8221;off&#8221; button_two_letter_spacing__hover_enabled=&#8221;off&#8221; button_bg_color__hover_enabled=&#8221;off&#8221; button_one_bg_color__hover_enabled=&#8221;off&#8221; button_two_bg_color__hover_enabled=&#8221;off&#8221;][\/et_pb_contact_field][et_pb_contact_field field_id=&#8221;Email&#8221; field_title=&#8221;Email Address&#8221; field_type=&#8221;email&#8221; _builder_version=&#8221;4.16&#8243; global_colors_info=&#8221;{}&#8221; button_text_size__hover_enabled=&#8221;off&#8221; button_one_text_size__hover_enabled=&#8221;off&#8221; button_two_text_size__hover_enabled=&#8221;off&#8221; button_text_color__hover_enabled=&#8221;off&#8221; button_one_text_color__hover_enabled=&#8221;off&#8221; button_two_text_color__hover_enabled=&#8221;off&#8221; button_border_width__hover_enabled=&#8221;off&#8221; button_one_border_width__hover_enabled=&#8221;off&#8221; button_two_border_width__hover_enabled=&#8221;off&#8221; button_border_color__hover_enabled=&#8221;off&#8221; button_one_border_color__hover_enabled=&#8221;off&#8221; button_two_border_color__hover_enabled=&#8221;off&#8221; button_border_radius__hover_enabled=&#8221;off&#8221; button_one_border_radius__hover_enabled=&#8221;off&#8221; button_two_border_radius__hover_enabled=&#8221;off&#8221; button_letter_spacing__hover_enabled=&#8221;off&#8221; button_one_letter_spacing__hover_enabled=&#8221;off&#8221; button_two_letter_spacing__hover_enabled=&#8221;off&#8221; button_bg_color__hover_enabled=&#8221;off&#8221; button_one_bg_color__hover_enabled=&#8221;off&#8221; button_two_bg_color__hover_enabled=&#8221;off&#8221;][\/et_pb_contact_field][et_pb_contact_field field_id=&#8221;Subject&#8221; field_title=&#8221;Subject&#8221; fullwidth_field=&#8221;on&#8221; _builder_version=&#8221;4.16&#8243; _module_preset=&#8221;default&#8221; global_colors_info=&#8221;{}&#8221;][\/et_pb_contact_field][et_pb_contact_field field_id=&#8221;Message&#8221; field_title=&#8221;Message&#8221; field_type=&#8221;text&#8221; fullwidth_field=&#8221;on&#8221; _builder_version=&#8221;4.16&#8243; global_colors_info=&#8221;{}&#8221; button_text_size__hover_enabled=&#8221;off&#8221; button_one_text_size__hover_enabled=&#8221;off&#8221; button_two_text_size__hover_enabled=&#8221;off&#8221; button_text_color__hover_enabled=&#8221;off&#8221; button_one_text_color__hover_enabled=&#8221;off&#8221; button_two_text_color__hover_enabled=&#8221;off&#8221; button_border_width__hover_enabled=&#8221;off&#8221; button_one_border_width__hover_enabled=&#8221;off&#8221; button_two_border_width__hover_enabled=&#8221;off&#8221; button_border_color__hover_enabled=&#8221;off&#8221; button_one_border_color__hover_enabled=&#8221;off&#8221; button_two_border_color__hover_enabled=&#8221;off&#8221; button_border_radius__hover_enabled=&#8221;off&#8221; button_one_border_radius__hover_enabled=&#8221;off&#8221; button_two_border_radius__hover_enabled=&#8221;off&#8221; button_letter_spacing__hover_enabled=&#8221;off&#8221; button_one_letter_spacing__hover_enabled=&#8221;off&#8221; button_two_letter_spacing__hover_enabled=&#8221;off&#8221; button_bg_color__hover_enabled=&#8221;off&#8221; button_one_bg_color__hover_enabled=&#8221;off&#8221; button_two_bg_color__hover_enabled=&#8221;off&#8221;][\/et_pb_contact_field][et_pb_contact_field field_id=&#8221;Field_5&#8243; field_title=&#8221;.&#8221; field_type=&#8221;checkbox&#8221; checkbox_options=&#8221;%91{%22value%22:%22I agree to the %22,%22checked%22:0,%22dragID%22:-1,%22link_url%22:%22https:\/\/ap2.ch\/privacy-statement-eu\/%22,%22link_text%22:%22Privacy Policy%22}%93&#8243; fullwidth_field=&#8221;on&#8221; _builder_version=&#8221;4.27.4&#8243; _module_preset=&#8221;default&#8221; global_colors_info=&#8221;{}&#8221;][\/et_pb_contact_field][\/et_pb_contact_form][\/et_pb_column][et_pb_column type=&#8221;1_3&#8243; _builder_version=&#8221;4.16&#8243; _module_preset=&#8221;default&#8221; custom_padding=&#8221;60px|60px|60px|60px|true|true&#8221; border_radii=&#8221;on|5px|5px|5px|5px&#8221; box_shadow_style=&#8221;preset3&#8243; box_shadow_blur=&#8221;24px&#8221; box_shadow_spread=&#8221;0px&#8221; box_shadow_color=&#8221;#eaebef&#8221; global_colors_info=&#8221;{}&#8221;][et_pb_blurb title=&#8221;Office Address&#8221; use_icon=&#8221;on&#8221; font_icon=&#8221;&#xe081;||divi||400&#8243; icon_placement=&#8221;left&#8221; image_icon_width=&#8221;30px&#8221; _builder_version=&#8221;4.16&#8243; _module_preset=&#8221;default&#8221; header_font=&#8221;|700|||||||&#8221; header_text_color=&#8221;gcid-c280e6cd-08ed-4b36-aba2-3d79e0703b80&#8243; body_font_size=&#8221;16px&#8221; body_line_height=&#8221;30px&#8221; global_colors_info=&#8221;{%22gcid-c280e6cd-08ed-4b36-aba2-3d79e0703b80%22:%91%22header_text_color%22%93}&#8221;]<\/p>\n<p>Hauptstr. 23<br \/>66894 K\u00e4shofen<\/p>\n<p>[\/et_pb_blurb][et_pb_blurb title=&#8221;Email us directly&#8221; use_icon=&#8221;on&#8221; font_icon=&#8221;&#xf2b6;||fa||400&#8243; icon_placement=&#8221;left&#8221; image_icon_width=&#8221;30px&#8221; _builder_version=&#8221;4.16&#8243; _module_preset=&#8221;default&#8221; header_font=&#8221;|700|||||||&#8221; header_text_color=&#8221;gcid-c280e6cd-08ed-4b36-aba2-3d79e0703b80&#8243; body_font_size=&#8221;16px&#8221; body_line_height=&#8221;30px&#8221; custom_margin=&#8221;50px||50px||true|false&#8221; custom_padding=&#8221;||||false|false&#8221; global_colors_info=&#8221;{%22gcid-c280e6cd-08ed-4b36-aba2-3d79e0703b80%22:%91%22header_text_color%22%93}&#8221;]<\/p>\n<p>info@ap2.ch<\/p>\n<p>[\/et_pb_blurb][et_pb_blurb title=&#8221;Phone&#8221; use_icon=&#8221;on&#8221; font_icon=&#8221;&#xe090;||divi||400&#8243; icon_placement=&#8221;left&#8221; image_icon_width=&#8221;30px&#8221; _builder_version=&#8221;4.27.4&#8243; _module_preset=&#8221;default&#8221; header_font=&#8221;|700|||||||&#8221; header_text_color=&#8221;gcid-c280e6cd-08ed-4b36-aba2-3d79e0703b80&#8243; body_font_size=&#8221;16px&#8221; body_line_height=&#8221;30px&#8221; custom_margin=&#8221;30px||30px||true|false&#8221; custom_padding=&#8221;||||false|false&#8221; global_colors_info=&#8221;{%22gcid-c280e6cd-08ed-4b36-aba2-3d79e0703b80%22:%91%22header_text_color%22%93}&#8221;]<\/p>\n<p>+49 6337 7744999<\/p>\n<p>[\/et_pb_blurb][et_pb_text _builder_version=&#8221;4.16&#8243; _module_preset=&#8221;default&#8221; header_text_color=&#8221;#000000&#8243; header_2_text_color=&#8221;#2d3954&#8243; header_4_text_align=&#8221;left&#8221; header_4_text_color=&#8221;gcid-c280e6cd-08ed-4b36-aba2-3d79e0703b80&#8243; custom_margin=&#8221;0px||0px|45px|true|false&#8221; locked=&#8221;off&#8221; global_colors_info=&#8221;{%22gcid-191adf31-1feb-4ecd-8460-60e946af1877%22:%91%22header_text_color%22,%22header_text_color%22%93,%22gcid-4cf41761-76f5-4f72-af13-4f3ad34da046%22:%91%22text_text_color%22,%22text_text_color%22%93,%22gcid-c280e6cd-08ed-4b36-aba2-3d79e0703b80%22:%91%22header_2_text_color%22,%22header_2_text_color%22,%22header_4_text_color%22%93}&#8221;]<\/p>\n<h4>Folgen Sie uns<\/h4>\n<p>[\/et_pb_text][et_pb_social_media_follow _builder_version=\u201d4.27.4\u2033 _module_preset=\u201ddefault\u201d text_orientation=\u201dleft\u201d custom_margin=\u201d10px|||49px|false|false\u201d custom_padding=\u201d||||false|false\u201d locked=\u201doff\u201d global_colors_info=\u201d{}\u201d][et_pb_social_media_follow_network social_network=\u201dfacebook\u201d icon_color=\u201d#3b5998\u2033 _builder_version=\u201d4.16\u2033 _module_preset=\u201ddefault\u201d background_color=\u201drgba(59,89,152,0.18)\u201d background_enable_color=\u201don\u201d global_colors_info=\u201d{}\u201d background__hover_enabled=\u201don|desktop\u201d background_color__hover=\u201d#3b5998\u2033 background_enable_color__hover=\u201don\u201d icon_color__hover_enabled=\u201don|desktop\u201d icon_color__hover=\u201d#FFFFFF\u201d follow_button=\u201doff\u201d url_new_window=\u201don\u201d]facebook[\/et_pb_social_media_follow_network][et_pb_social_media_follow_network social_network=\u201dinstagram\u201d _builder_version=\u201d4.27.4\u2033 _module_preset=\u201ddefault\u201d background_color=\u201d#ea2c59\u2033 global_colors_info=\u201d{}\u201d follow_button=\u201doff\u201d url_new_window=\u201don\u201d]instagram[\/et_pb_social_media_follow_network][et_pb_social_media_follow_network social_network=\u201dyoutube\u201d _builder_version=\u201d4.27.4\u2033 _module_preset=\u201ddefault\u201d background_color=\u201d#a82400\u2033 global_colors_info=\u201d{}\u201d follow_button=\u201doff\u201d url_new_window=\u201don\u201d]youtube[\/et_pb_social_media_follow_network][\/et_pb_social_media_follow][\/et_pb_column][\/et_pb_row][\/et_pb_section]<\/p>","protected":false},"excerpt":{"rendered":"<p>Kontakt Nehmen Sie Kontakt mit uns auf. Wir melden uns schnellstm\u00f6glich bei Ihnen zur\u00fcck. Hauptstr. 2366894 K\u00e4shofen info@ap2.ch +49 6337 7744999 Folgen Sie uns<\/p>","protected":false},"author":1,"featured_media":0,"parent":0,"menu_order":0,"comment_status":"closed","ping_status":"closed","template":"","meta":{"_et_pb_use_builder":"on","_et_pb_old_content":"","_et_gb_content_width":"","footnotes":""},"class_list":["post-99008","page","type-page","status-publish","hentry"],"_links":{"self":[{"href":"https:\/\/ap2.ch\/de\/wp-json\/wp\/v2\/pages\/99008","targetHints":{"allow":["GET"]}}],"collection":[{"href":"https:\/\/ap2.ch\/de\/wp-json\/wp\/v2\/pages"}],"about":[{"href":"https:\/\/ap2.ch\/de\/wp-json\/wp\/v2\/types\/page"}],"author":[{"embeddable":true,"href":"https:\/\/ap2.ch\/de\/wp-json\/wp\/v2\/users\/1"}],"replies":[{"embeddable":true,"href":"https:\/\/ap2.ch\/de\/wp-json\/wp\/v2\/comments?post=99008"}],"version-history":[{"count":6,"href":"https:\/\/ap2.ch\/de\/wp-json\/wp\/v2\/pages\/99008\/revisions"}],"predecessor-version":[{"id":100330,"href":"https:\/\/ap2.ch\/de\/wp-json\/wp\/v2\/pages\/99008\/revisions\/100330"}],"wp:attachment":[{"href":"https:\/\/ap2.ch\/de\/wp-json\/wp\/v2\/media?parent=99008"}],"curies":[{"name":"wp","href":"https:\/\/api.w.org\/{rel}","templated":true}]}}