{"id":62,"date":"2024-05-06T07:56:10","date_gmt":"2024-05-06T07:56:10","guid":{"rendered":"https:\/\/ap2.ch\/?page_id=62"},"modified":"2024-05-06T07:56:10","modified_gmt":"2024-05-06T07:56:10","slug":"disclaimer","status":"publish","type":"page","link":"https:\/\/ap2.ch\/de\/disclaimer\/","title":{"rendered":"Haftungsausschluss"},"content":{"rendered":"<!-- Legal document generated by Complianz | GDPR\/CCPA Cookie Consent https:\/\/wordpress.org\/plugins\/complianz-gdpr -->\n<div id=\"cmplz-document\" class=\"cmplz-document disclaimer cmplz-document-all\"><p>Immobilien Molinari \u2013 A Place 2 Call Home ist dazu verpflichtet, diese Website aktuell und akkurat zu halten. Solltest du dennoch auf irgendetwas sto\u00dfen, das veraltet oder inkorrekt ist, w\u00fcrden wir es sch\u00e4tzen, wenn du es uns wissen l\u00e4sst. Bitte weise darauf hin, wo du auf der Seite die Informationen gelesen hast. Wir werden uns dann so schnell wie m\u00f6glich darum k\u00fcmmern. Bitte senden Sie Ihre R\u00fcckmeldung an: <span class=\"cmplz-obfuscate\">Info@<span class=\"cmplz-fmail-domain\">ex.com<\/span>ap2.ch<\/span>.<\/p><p>Wir \u00fcbernehmen keine Haftung f\u00fcr aus Ungenauigkeit oder Unvollst\u00e4ndigkeit resultierende Verluste, noch f\u00fcr entstehende Verluste oder Verbreitung von Informationen durch das Internet, wie St\u00f6rungen oder Unterbrechungen. Bei der Verwendung von Internetfomularen streben wir danach, die Anzahl der ben\u00f6tigten Felder zu minimieren. F\u00fcr jegliche Verluste die aus der Verwendung von Immobilien Molinari \u2013 A Place 2 Call Home empfohlener oder stammender Daten, Hinweise oder Ideen \u00fcbernimmt Immobilien Molinari \u2013 A Place 2 Call Home keine Haftung.<\/p><p>Per E-Mail oder mittels eines Internetformulars werden Antworten und Datenschutzanfragen in gleicher Weise wie Briefe behandelt. Dies bedeutet, dass du sp\u00e4testens innerhalb eines Monats mit einer Antwort von uns rechnen kannst. Im Falle umfangreicherer Anfragen werden wir dich innerhalb eines Monats wissen lassen, ob wir ein Maximum von drei Monaten ben\u00f6tigen.<\/p><p>Immobilien Molinari \u2013 A Place 2 Call Home wird jede angemessene Ma\u00dfnahme ergreifen, um sein System gegen jede Form unrechtm\u00e4\u00dfiger Nutzung zu sch\u00fctzen. Immobilien Molinari \u2013 A Place 2 Call Home wird geeignete Technologien und organisatorische Ma\u00dfnahmen zu diesem Zweck, unter Ber\u00fccksichtigung des aktuellen Standes der Technik, einf\u00fchren. Es ist jedoch nicht verantwortlich f\u00fcr direkte und\/oder indirekte Verluste jeglicher Art, welche bei einem Benutzer der Website auftreten, die der unrechtm\u00e4\u00dfigen Nutzung des Systems von Drittanbietern entspringt.<\/p><p>Immobilien Molinari \u2013 A Place 2 Call Home \u00fcbernimmt keine Verantwortung f\u00fcr den Inhalt von Websites, zu denen oder von denen ein Hyperlink oder ein anderer Verweis f\u00fchrt. Produkte oder Serviceleistungen, die von Drittanbietern angeboten werden, werden nach entsprechenden Bedingungen und Konditionen Dritter behandelt.<\/p><p>Jegliches geistiges Eigentumsrecht an Inhalten auf dieser Website ist im Besitz von Immobilien Molinari \u2013 A Place 2 Call Home.<\/p><p>Das Kopieren, Verbreiten oder jede andere Nutzung dieser Materialien ist ohne die schriftliche Genehmigung von Immobilien Molinari \u2013 A Place 2 Call Home nicht gestattet, sofern in geltendem Gesetz nicht anders vereinbart oder ausgenommen (wie etwa das Recht zu zitieren), solang der spezifische Inhalt nichts anderes vorschreibt.<\/p><p>Wenn Sie Fragen oder Probleme mit der Verf\u00fcgbarkeit der Website haben, z\u00f6gern Sie nicht, uns zu kontaktieren.<\/p><\/div>","protected":false},"excerpt":{"rendered":"","protected":false},"author":1,"featured_media":0,"parent":0,"menu_order":0,"comment_status":"closed","ping_status":"closed","template":"","meta":{"_et_pb_use_builder":"","_et_pb_old_content":"","_et_gb_content_width":"","footnotes":""},"class_list":["post-62","page","type-page","status-publish","hentry"],"_links":{"self":[{"href":"https:\/\/ap2.ch\/de\/wp-json\/wp\/v2\/pages\/62","targetHints":{"allow":["GET"]}}],"collection":[{"href":"https:\/\/ap2.ch\/de\/wp-json\/wp\/v2\/pages"}],"about":[{"href":"https:\/\/ap2.ch\/de\/wp-json\/wp\/v2\/types\/page"}],"author":[{"embeddable":true,"href":"https:\/\/ap2.ch\/de\/wp-json\/wp\/v2\/users\/1"}],"replies":[{"embeddable":true,"href":"https:\/\/ap2.ch\/de\/wp-json\/wp\/v2\/comments?post=62"}],"version-history":[{"count":0,"href":"https:\/\/ap2.ch\/de\/wp-json\/wp\/v2\/pages\/62\/revisions"}],"wp:attachment":[{"href":"https:\/\/ap2.ch\/de\/wp-json\/wp\/v2\/media?parent=62"}],"curies":[{"name":"wp","href":"https:\/\/api.w.org\/{rel}","templated":true}]}}