{"id":61,"date":"2024-05-06T07:56:10","date_gmt":"2024-05-06T07:56:10","guid":{"rendered":"https:\/\/ap2.ch\/?page_id=61"},"modified":"2025-08-28T07:36:58","modified_gmt":"2025-08-28T07:36:58","slug":"imprint","status":"publish","type":"page","link":"https:\/\/ap2.ch\/de\/imprint\/","title":{"rendered":"Impressum"},"content":{"rendered":"[et_pb_section admin_label=\u201dsection\u201d] [et_pb_row admin_label=\u201drow\u201d] [et_pb_column type=\u201d4_4\u2033][et_pb_text admin_label=\u201dText\u201d]\n<!-- Legal document generated by Complianz | GDPR\/CCPA Cookie Consent https:\/\/wordpress.org\/plugins\/complianz-gdpr -->\n<div id=\"cmplz-document\" class=\"cmplz-document impressum cmplz-document-all\"><p><i>Dieses Impressum wurde zuletzt am 28. November 2025 aktualisiert.<\/i><\/p><p class=\"cmplz-subtitle\">Der Eigent\u00fcmer dieser Website ist:<\/p><p>Immobilien Molinari \u2013 A Place 2 Call Home <br>Hauptstra\u00dfe 23<br \/>\n66894 K\u00e4shofen<br>Deutschland<br>E-Mail:&nbsp;<span class=\"cmplz-obfuscate\">Info@<span class=\"cmplz-fmail-domain\">ex.com<\/span>ap2.ch<\/span><br>Telefonnummer: +49 157 78794896<br>USt-IdNr: DE454797873<\/p><p class=\"cmplz-subtitle\">Der\/die gesetzliche(n) Vertreter von Immobilien Molinari \u2013 A Place 2 Call Home :<\/p><p>Carmen Molinari<\/p><h2>1. Allgemein<\/h2><p class=\"cmplz-subtitle\">1.1 Wir zeigen auf unserer Website Dienstleistungen oder Produkte an, f\u00fcr die eine Registrierung bei dem folgenden Berufsverband erforderlich ist:<\/p><p>IHK Pfalz \u2013 Adam M\u00fcller Stra\u00dfe 6, 66954 Pirmasens<\/p><p class=\"cmplz-subtitle\">1.2 F\u00fcr unsere Organisation gelten die folgenden Berufsregeln und Vorschriften:<\/p><p>Die Berufserlaubnis wurde von der zust\u00e4ndigen Beh\u00f6rde nach \u00a7 34c der Gewerbeordnung erteilt. Die berufsrechtlichen Regelungen richten sich nach der Gewerbeordnung (GewO) und der Makler- und Bautr\u00e4gerverordnung (MaBV). Die genannten Regelungen k\u00f6nnen beispielsweise auf der Internetseite des Bundesministeriums der Justiz und f\u00fcr Verbraucherschutz abgerufen werden.<\/p><p>Du kannst diese Regeln und Vorschriften hier einsehen:<br \/>https:\/\/www.bmjv.de<\/p><p>Wir sind nicht bereit oder verpflichtet, ein Streitbeilegungsverfahren vor einer Verbraucherschlichtungsstelle zu betreiben.<\/p><h2>2. Weitere Informationen<\/h2><p>Berufsbezeichnung: Immobilienmakler<br \/>\nErteilt in: Bundesrepublik Deutschland<br \/>\n<br \/>\nDie Berufserlaubnis nach \u00a7 34c der Gewerbeordnung wurde erteilt durch:<br \/>\n<br \/>\nVerbandsgemeindeverwaltung Zweibr\u00fccken-Land<br \/>\nLandauer Stra\u00dfe 18-20<br \/>\n66482 Zweibr\u00fccken<br \/>\nDeutschland<\/p><\/div>[\/et_pb_text][\/et_pb_column] [\/et_pb_row] [\/et_pb_section]","protected":false},"excerpt":{"rendered":"","protected":false},"author":1,"featured_media":0,"parent":0,"menu_order":0,"comment_status":"closed","ping_status":"closed","template":"","meta":{"_et_pb_use_builder":"on","_et_pb_old_content":"<!-- wp:complianz\/document {\"title\":\"Imprint\",\"selectedDocument\":\"impressum-all\"} \/-->","_et_gb_content_width":"","footnotes":""},"class_list":["post-61","page","type-page","status-publish","hentry"],"_links":{"self":[{"href":"https:\/\/ap2.ch\/de\/wp-json\/wp\/v2\/pages\/61","targetHints":{"allow":["GET"]}}],"collection":[{"href":"https:\/\/ap2.ch\/de\/wp-json\/wp\/v2\/pages"}],"about":[{"href":"https:\/\/ap2.ch\/de\/wp-json\/wp\/v2\/types\/page"}],"author":[{"embeddable":true,"href":"https:\/\/ap2.ch\/de\/wp-json\/wp\/v2\/users\/1"}],"replies":[{"embeddable":true,"href":"https:\/\/ap2.ch\/de\/wp-json\/wp\/v2\/comments?post=61"}],"version-history":[{"count":1,"href":"https:\/\/ap2.ch\/de\/wp-json\/wp\/v2\/pages\/61\/revisions"}],"predecessor-version":[{"id":100273,"href":"https:\/\/ap2.ch\/de\/wp-json\/wp\/v2\/pages\/61\/revisions\/100273"}],"wp:attachment":[{"href":"https:\/\/ap2.ch\/de\/wp-json\/wp\/v2\/media?parent=61"}],"curies":[{"name":"wp","href":"https:\/\/api.w.org\/{rel}","templated":true}]}}