{"id":100335,"date":"2025-08-28T10:50:59","date_gmt":"2025-08-28T10:50:59","guid":{"rendered":"https:\/\/ap2.ch\/?page_id=100335"},"modified":"2026-01-13T11:53:19","modified_gmt":"2026-01-13T11:53:19","slug":"about-us","status":"publish","type":"page","link":"https:\/\/ap2.ch\/de\/about-us\/","title":{"rendered":"\u00dcber uns"},"content":{"rendered":"<p>[et_pb_section fb_built=&#8221;1&#8243; admin_label=&#8221;Header&#8221; _builder_version=&#8221;4.25.2&#8243; _module_preset=&#8221;default&#8221; background_enable_color=&#8221;off&#8221; locked=&#8221;off&#8221; global_colors_info=&#8221;{%22gcid-b6c4f12c-f25d-4f61-9fb1-6e96404634cd%22:%91%22background_color%22%93}&#8221;][et_pb_row _builder_version=&#8221;4.25.2&#8243; _module_preset=&#8221;481093b4-33b5-49e8-9b6b-31ea5d63344d&#8221; global_colors_info=&#8221;{}&#8221;][et_pb_column type=&#8221;4_4&#8243; _builder_version=&#8221;4.25.2&#8243; _module_preset=&#8221;default&#8221; global_colors_info=&#8221;{}&#8221;][et_pb_heading title=&#8221;About Us &#8221; _builder_version=&#8221;4.27.4&#8243; _module_preset=&#8221;93a6907b-f203-467a-9154-98646aab984b&#8221; custom_margin=&#8221;||10px||false|false&#8221; global_colors_info=&#8221;{}&#8221;][\/et_pb_heading][\/et_pb_column][\/et_pb_row][et_pb_row column_structure=&#8221;3_5,2_5&#8243; _builder_version=&#8221;4.25.2&#8243; _module_preset=&#8221;481093b4-33b5-49e8-9b6b-31ea5d63344d&#8221; global_colors_info=&#8221;{}&#8221;][et_pb_column type=&#8221;3_5&#8243; _builder_version=&#8221;4.25.2&#8243; _module_preset=&#8221;default&#8221; global_colors_info=&#8221;{}&#8221;][et_pb_text _builder_version=&#8221;4.27.4&#8243; _module_preset=&#8221;16c3dc15-068c-4b50-8dd6-e80d6e67615b&#8221; global_colors_info=&#8221;{}&#8221;]<\/p>\n<div class=\"x14z9mp xat24cr x1lziwak x1vvkbs xtlvy1s x126k92a\">\n<div dir=\"auto\">\n<p>Hallo und herzlich willkommen!<\/p>\n<p>Wir freuen uns, dass Sie unsere Website gefunden haben. Wir hoffen, Sie konnten finden, wonach Sie gesucht haben. Sollten Sie Fragen haben, z\u00f6gern Sie bitte nicht, <a href=\"\/de\/contact\/\">Kontakt<\/a>Wir freuen uns auf Ihre Kontaktaufnahme!<\/p>\n<p><strong>Unser Ansatz<\/strong><\/p>\n<\/div>\n<\/div>\n<div class=\"x14z9mp xat24cr x1lziwak x1vvkbs xtlvy1s x126k92a\">\n<div dir=\"auto\">\n<p>Bei Immobilien Molinari geht es uns nicht nur um die Vermarktung von H\u00e4usern, sondern auch um die Vermittlung von Wohnr\u00e4umen. Mit unserer langj\u00e4hrigen Erfahrung, unserem Fachwissen und viel Einf\u00fchlungsverm\u00f6gen unterst\u00fctzen wir Vermieter bei der Suche nach dem perfekten Mieter und Mieter bei der Suche nach ihrem Traumhaus.<\/p>\n<p><strong>F\u00fcr zuk\u00fcnftige Mieter<\/strong><\/p>\n<\/div>\n<\/div>\n<div class=\"x14z9mp xat24cr x1lziwak x1vvkbs xtlvy1s x126k92a\">\n<div dir=\"auto\">\n<p>Wir begleiten Sie Schritt f\u00fcr Schritt und sorgen daf\u00fcr, dass Ihre Wohnungssuche stressfrei verl\u00e4uft. Egal, ob Sie sich noch in den USA befinden und Ihren Umzug nach Deutschland vorbereiten oder bereits im KMC-Gebiet auf der Suche nach einer neuen Bleibe sind \u2013 wir helfen Ihnen gerne. Wir begleiten Sie w\u00e4hrend des gesamten Prozesses, von der ersten Besichtigung bis zur Vertragsunterzeichnung und auch nach Ihrem Einzug. Kontaktieren Sie uns, um zu besprechen, wie wir Ihnen bei der Suche nach Ihrem Traumhaus helfen k\u00f6nnen.<\/p>\n<p><strong>F\u00fcr Vermieter<\/strong><\/p>\n<\/div>\n<\/div>\n<div class=\"x14z9mp xat24cr x1lziwak x1vvkbs xtlvy1s x126k92a\">\n<div dir=\"auto\">Die Vermietung Ihrer Immobilie kann mit viel Aufwand verbunden sein. Wir nehmen Ihnen den Stress ab und k\u00fcmmern uns um alles. Unsere Leistungen umfassen:<\/div>\n<\/div>\n<div class=\"x14z9mp xat24cr x1lziwak x1vvkbs xtlvy1s x126k92a\">\n<div dir=\"auto\">\u2013 Professionelle Fotos Ihrer Immobilie machen.<\/div>\n<\/div>\n<div class=\"x14z9mp xat24cr x1lziwak x1vvkbs xtlvy1s x126k92a\">\n<div dir=\"auto\">\u2013 Erstellen von 3D-Home-Tour-Videos.<\/div>\n<\/div>\n<div class=\"x14z9mp xat24cr x1lziwak x1vvkbs xtlvy1s x126k92a\">\n<div dir=\"auto\">\u2013 Schreiben Sie eine \u00fcberzeugende Beschreibung, um die besten Eigenschaften hervorzuheben.<\/div>\n<\/div>\n<div class=\"x14z9mp xat24cr x1lziwak x1vvkbs xtlvy1s x126k92a\">\n<div dir=\"auto\">\u2013 Listen Sie Ihre Immobilie auf den richtigen Plattformen auf.<\/div>\n<\/div>\n<div class=\"x14z9mp xat24cr x1lziwak x1vvkbs xtlvy1s x126k92a\">\n<div dir=\"auto\">\u2013 Besichtigungen durchf\u00fchren und den perfekten Mieter finden.<\/div>\n<\/div>\n<div class=\"x14z9mp xat24cr x1lziwak x1vvkbs xtlvy1s x126k92a\">\n<div dir=\"auto\">\u2013 Vertragsabschluss.<br \/>\u2013 und mehr\u2026.<\/div>\n<\/div>\n<div class=\"x14z9mp xat24cr x1lziwak x1vvkbs xtlvy1s x126k92a\">\n<div dir=\"auto\">Wir k\u00fcmmern uns um den gesamten Prozess und sparen Ihnen Zeit und M\u00fche, sodass Sie sich entspannen k\u00f6nnen, da Sie wissen, dass Ihr Eigentum in guten H\u00e4nden ist.<\/div>\n<\/div>\n<p>[\/et_pb_text][et_pb_heading title=&#8221;Let us help you!&#8221; _builder_version=&#8221;4.27.4&#8243; _module_preset=&#8221;ee792ea9-18e6-4abb-a9ee-0ebe5707d5cf&#8221; custom_margin=&#8221;||0px||false|false&#8221; custom_padding=&#8221;||0px|||&#8221; global_colors_info=&#8221;{}&#8221;][\/et_pb_heading][\/et_pb_column][et_pb_column type=&#8221;2_5&#8243; _builder_version=&#8221;4.25.2&#8243; _module_preset=&#8221;default&#8221; global_colors_info=&#8221;{}&#8221;][et_pb_image src=&#8221;https:\/\/ap2.ch\/wp-content\/uploads\/2025\/03\/im-logo-1.jpg&#8221; title_text=&#8221;im-logo&#8221; _builder_version=&#8221;4.27.4&#8243; _module_preset=&#8221;default&#8221; global_colors_info=&#8221;{}&#8221;][\/et_pb_image][et_pb_image src=&#8221;https:\/\/ap2.ch\/wp-content\/uploads\/2025\/03\/ap2ch-logo.jpg&#8221; title_text=&#8221;ap2ch logo&#8221; _builder_version=&#8221;4.27.4&#8243; _module_preset=&#8221;default&#8221; custom_padding=&#8221;162px|||||&#8221; global_colors_info=&#8221;{}&#8221;][\/et_pb_image][\/et_pb_column][\/et_pb_row][\/et_pb_section][et_pb_section fb_built=&#8221;1&#8243; admin_label=&#8221;Team&#8221; _builder_version=&#8221;4.25.2&#8243; _module_preset=&#8221;default&#8221; background_enable_color=&#8221;off&#8221; custom_margin=&#8221;-85px|||||&#8221; locked=&#8221;off&#8221; global_colors_info=&#8221;{%22gcid-b6c4f12c-f25d-4f61-9fb1-6e96404634cd%22:%91%22background_color%22%93}&#8221;][et_pb_row _builder_version=&#8221;4.25.2&#8243; _module_preset=&#8221;481093b4-33b5-49e8-9b6b-31ea5d63344d&#8221; global_colors_info=&#8221;{}&#8221;][et_pb_column type=&#8221;4_4&#8243; _builder_version=&#8221;4.25.2&#8243; _module_preset=&#8221;default&#8221; global_colors_info=&#8221;{}&#8221;][et_pb_heading title=&#8221;Meet Our Team&#8221; _builder_version=&#8221;4.25.2&#8243; _module_preset=&#8221;36f7cd1c-b265-4e2a-b4b2-6448cad5727f&#8221; custom_margin=&#8221;||10px||false|false&#8221; global_colors_info=&#8221;{}&#8221;][\/et_pb_heading][\/et_pb_column][\/et_pb_row][et_pb_row column_structure=&#8221;1_4,3_4&#8243; _builder_version=&#8221;4.25.2&#8243; _module_preset=&#8221;481093b4-33b5-49e8-9b6b-31ea5d63344d&#8221; global_colors_info=&#8221;{}&#8221;][et_pb_column type=&#8221;1_4&#8243; _builder_version=&#8221;4.25.2&#8243; _module_preset=&#8221;default&#8221; global_colors_info=&#8221;{}&#8221;][et_pb_image src=&#8221;https:\/\/ap2.ch\/wp-content\/uploads\/2026\/01\/carmen-2.jpg&#8221; title_text=&#8221;carmen&#8221; _builder_version=&#8221;4.27.4&#8243; _module_preset=&#8221;29daa57e-b475-47c1-a2a1-d47cb7e61f99&#8243; hover_enabled=&#8221;0&#8243; global_colors_info=&#8221;{}&#8221; sticky_enabled=&#8221;0&#8243;][\/et_pb_image][\/et_pb_column][et_pb_column type=&#8221;3_4&#8243; _builder_version=&#8221;4.25.2&#8243; _module_preset=&#8221;default&#8221; global_colors_info=&#8221;{}&#8221;][et_pb_heading title=&#8221;Carmen&#8221; _builder_version=&#8221;4.27.4&#8243; _module_preset=&#8221;a634a45e-f3b7-46ea-8d21-8bb5d72c8d0e&#8221; global_colors_info=&#8221;{}&#8221;][\/et_pb_heading][et_pb_text _builder_version=&#8221;4.27.4&#8243; _module_preset=&#8221;16c3dc15-068c-4b50-8dd6-e80d6e67615b&#8221; global_colors_info=&#8221;{}&#8221;]<\/p>\n<p><span style=\"font-size: 16px;\">Nachdem ich mehrere Jahre Erfahrung im Immobilienbereich bei ReMax und anschlie\u00dfend bei Immobilien Strickerschmidt in St. Wendel gesammelt hatte, beschloss ich nach dem Ruhestand von Herrn Strickerschmidt, mich selbstst\u00e4ndig zu machen.<\/p>\n<p>Meine St\u00e4rken liegen in der Empathie und der F\u00fcrsorge f\u00fcr unsere Klienten. Wir sehen sowohl die Mieter als auch die Vermieter als Kunden, unabh\u00e4ngig davon, wer uns den Auftrag erteilt hat.\u00a0<\/p>\n<p>Jetzt sind wir bereit, Ihnen dabei zu helfen, Ihr \u201eZuhause\u201c zu finden.<\/span><\/p>\n<p>[\/et_pb_text][et_pb_heading title=\u201d+49 6337 7744999\u2033 _builder_version=\u201d4.27.4\u2033 _module_preset=\u201dee792ea9-18e6-4abb-a9ee-0ebe5707d5cf\u201d custom_margin=\u201d||0px||false|false\u201d global_colors_info=\u201d{}\u201d][\/et_pb_heading][et_pb_heading title=\u201dcarmen@ap2.ch\u201d _builder_version=\u201d4.27.4\u2033 _module_preset=\u201dee792ea9-18e6-4abb-a9ee-0ebe5707d5cf\u201d custom_margin=\u201d||0px||false|false\u201d global_colors_info=\u201d{}\u201d][\/et_pb_heading][\/et_pb_column][\/et_pb_row][et_pb_row column_structure=\u201d1_4,3_4\u2033 _builder_version=\u201d4.25.2\u2033 _module_preset=\u201d481093b4-33b5-49e8-9b6b-31ea5d63344d\u201d global_colors_info=\u201d{}\u201d][et_pb_column type=\u201d1_4\u2033 _builder_version=\u201d4.25.2\u2033 _module_preset=\u201ddefault\u201d global_colors_info=\u201d{}\u201d][et_pb_image src=\u201dhttps:\/\/ap2.ch\/wp-content\/uploads\/2026\/01\/scott3.jpg\u201d title_text=\u201dscott3\u2033 _builder_version=\u201d4.27.4\u2033 _module_preset=\u201d29daa57e-b475-47c1-a2a1-d47cb7e61f99\u2033 global_colors_info=\u201d{}\u201d][\/et_pb_image][\/et_pb_column][et_pb_column type=\u201d3_4\u2033 _builder_version=\u201d4.25.2\u2033 _module_preset=\u201ddefault\u201d global_colors_info=\u201d{}\u201d][et_pb_heading title=\u201dScott\u201d _builder_version=\u201d4.27.4\u2033 _module_preset=\u201da634a45e-f3b7-46ea-8d21-8bb5d72c8d0e\u201d global_colors_info=\u201d{}\u201d][\/et_pb_heading][et_pb_text _builder_version=\u201d4.27.4\u2033 _module_preset=\u201d16c3dc15-068c-4b50-8dd6-e80d6e67615b\u201d global_colors_info=\u201d{}\u201d]<\/p>\n<p><span>Meine Hauptaufgabe besteht darin, Carmen im Backoffice zu unterst\u00fctzen. Au\u00dferdem bin ich f\u00fcr die Bereitstellung und Erstellung der digitalen Inhalte verantwortlich. Auch diese Website ist mein Werk.<\/span><\/p>\n<p>Ich habe in jungen Jahren bei der US Air Force gedient. Es war eine gro\u00dfartige Zeit, die ich nie missen m\u00f6chte und f\u00fcr die ich dankbar bin, denn sie hat mich zu meinem Leben in Deutschland und zu meiner Frau Carmen gef\u00fchrt.<\/p>\n<p>Im Laufe meiner Karriere war ich Teil von Serviceorganisationen und habe diese auch geleitet. Daher verf\u00fcge ich \u00fcber umfassende Erfahrung im Kundenbeziehungsmanagement und im Bereich positiver Kundenerlebnisse. Dies ist auch mein Hauptbeitrag f\u00fcr Immobilien Molinari.\u00a0\u00a0<\/p>\n<p>[\/et_pb_text][et_pb_heading title=&#8221;+49 \u202a6337 7744997\u202c&#8221; _builder_version=&#8221;4.27.4&#8243; _module_preset=&#8221;ee792ea9-18e6-4abb-a9ee-0ebe5707d5cf&#8221; custom_margin=&#8221;||0px||false|false&#8221; custom_padding=&#8221;0px|||||&#8221; global_colors_info=&#8221;{}&#8221;][\/et_pb_heading][et_pb_heading title=&#8221;scott@ap2.ch&#8221; _builder_version=&#8221;4.27.4&#8243; _module_preset=&#8221;ee792ea9-18e6-4abb-a9ee-0ebe5707d5cf&#8221; custom_margin=&#8221;||0px||false|false&#8221; global_colors_info=&#8221;{}&#8221;][\/et_pb_heading][\/et_pb_column][\/et_pb_row][\/et_pb_section][et_pb_section fb_built=&#8221;1&#8243; admin_label=&#8221;Call To Action&#8221; _builder_version=&#8221;4.25.2&#8243; _module_preset=&#8221;default&#8221; background_color=&#8221;gcid-b6c4f12c-f25d-4f61-9fb1-6e96404634cd&#8221; locked=&#8221;off&#8221; global_colors_info=&#8221;{%22gcid-b6c4f12c-f25d-4f61-9fb1-6e96404634cd%22:%91%22background_color%22%93}&#8221;][et_pb_row _builder_version=&#8221;4.25.2&#8243; _module_preset=&#8221;default&#8221; max_width=&#8221;900px&#8221; locked=&#8221;off&#8221; global_colors_info=&#8221;{}&#8221;][et_pb_column type=&#8221;4_4&#8243; _builder_version=&#8221;4.25.2&#8243; _module_preset=&#8221;default&#8221; global_colors_info=&#8221;{}&#8221;][et_pb_heading title=&#8221;Looking for Agent?&#8221; _builder_version=&#8221;4.27.4&#8243; _module_preset=&#8221;ee792ea9-18e6-4abb-a9ee-0ebe5707d5cf&#8221; title_text_align=&#8221;center&#8221; title_text_color=&#8221;#DB7D1E&#8221; locked=&#8221;off&#8221; global_colors_info=&#8221;{}&#8221;][\/et_pb_heading][et_pb_heading title=&#8221;Let Us Handle the Details, So You Can Relax!&#8221; _builder_version=&#8221;4.25.2&#8243; _module_preset=&#8221;36f7cd1c-b265-4e2a-b4b2-6448cad5727f&#8221; title_text_align=&#8221;center&#8221; max_width=&#8221;900px&#8221; module_alignment=&#8221;center&#8221; locked=&#8221;off&#8221; global_colors_info=&#8221;{}&#8221;][\/et_pb_heading][et_pb_button button_url=&#8221;\/contact&#8221; button_text=&#8221;Contact Us&#8221; button_alignment=&#8221;center&#8221; _builder_version=&#8221;4.27.4&#8243; _module_preset=&#8221;ff87334a-499a-4474-a128-3b081ae995e7&#8243; locked=&#8221;off&#8221; global_colors_info=&#8221;{}&#8221;][\/et_pb_button][\/et_pb_column][\/et_pb_row][\/et_pb_section]<\/p>","protected":false},"excerpt":{"rendered":"<p>Hallo und herzlich willkommen! Wir freuen uns, dass Sie unsere Website gefunden haben. Wir hoffen, Sie haben gefunden, wonach Sie gesucht haben. Sollten Sie Fragen haben, z\u00f6gern Sie nicht, uns zu kontaktieren. Wir freuen uns, von Ihnen zu h\u00f6ren! Unser Ansatz: Bei Immobilien Molinari glauben wir an mehr als nur die Vermarktung von H\u00e4usern \u2013 wir schaffen ein Zuhause. [\u2026]<\/p>","protected":false},"author":1,"featured_media":0,"parent":0,"menu_order":0,"comment_status":"closed","ping_status":"closed","template":"","meta":{"_et_pb_use_builder":"on","_et_pb_old_content":"","_et_gb_content_width":"","footnotes":""},"class_list":["post-100335","page","type-page","status-publish","hentry"],"_links":{"self":[{"href":"https:\/\/ap2.ch\/de\/wp-json\/wp\/v2\/pages\/100335","targetHints":{"allow":["GET"]}}],"collection":[{"href":"https:\/\/ap2.ch\/de\/wp-json\/wp\/v2\/pages"}],"about":[{"href":"https:\/\/ap2.ch\/de\/wp-json\/wp\/v2\/types\/page"}],"author":[{"embeddable":true,"href":"https:\/\/ap2.ch\/de\/wp-json\/wp\/v2\/users\/1"}],"replies":[{"embeddable":true,"href":"https:\/\/ap2.ch\/de\/wp-json\/wp\/v2\/comments?post=100335"}],"version-history":[{"count":13,"href":"https:\/\/ap2.ch\/de\/wp-json\/wp\/v2\/pages\/100335\/revisions"}],"predecessor-version":[{"id":100469,"href":"https:\/\/ap2.ch\/de\/wp-json\/wp\/v2\/pages\/100335\/revisions\/100469"}],"wp:attachment":[{"href":"https:\/\/ap2.ch\/de\/wp-json\/wp\/v2\/media?parent=100335"}],"curies":[{"name":"wp","href":"https:\/\/api.w.org\/{rel}","templated":true}]}}